{"id":2947,"date":"2026-04-21T06:01:29","date_gmt":"2026-04-21T06:01:29","guid":{"rendered":"https:\/\/xinshuopipeline.com\/?post_type=product&#038;p=2947"},"modified":"2026-05-01T10:15:24","modified_gmt":"2026-05-01T10:15:24","slug":"4clamp-rubber-joint","status":"publish","type":"product","link":"https:\/\/xinshuopipeline.com\/es\/product\/4clamp-rubber-joint\/","title":{"rendered":"Clamp rubber joint"},"content":{"rendered":"<p>El cuerpo de goma presenta una buena elasticidad y una resistencia media, y la abrazadera met\u00e1lica garantiza una fijaci\u00f3n firme. La instalaci\u00f3n no requiere bridas ni tornillos; basta con colocarlo en la tuber\u00eda y apretar la abrazadera. Es f\u00e1cil de desmontar, lo que permite mejorar la eficiencia de la instalaci\u00f3n y el mantenimiento, adem\u00e1s de reducir los costes. Se pueden elegir diferentes materiales para el cuerpo de goma en funci\u00f3n del fluido, con el fin de adaptarse a diversas condiciones de trabajo.<\/p>\n<p>Core Technical Parameters<\/p>\n<table>\n<tbody>\n<tr>\n<td width=\"150\"><strong>Categor\u00eda<\/strong><\/td>\n<td width=\"300\"><strong>Detalles<\/strong><\/td>\n<\/tr>\n<tr>\n<td width=\"150\">Di\u00e1metro nominal (DN)<\/td>\n<td width=\"300\">32 mm-2000 mm; se utilizan habitualmente DN 40 mm-DN 200 mm<\/td>\n<\/tr>\n<tr>\n<td width=\"150\">Presi\u00f3n de trabajo<\/td>\n<td width=\"300\">0.25\/0.6\/1.0\/1.6\/2.5MPa<\/td>\n<\/tr>\n<tr>\n<td width=\"150\">Rubber Material<\/td>\n<td width=\"300\">NR, EPDM, CR, IIR, NBR, VITON, etc.<\/td>\n<\/tr>\n<tr>\n<td width=\"150\">Installation Length<\/td>\n<td width=\"300\">180 mm-550 mm, adaptado en funci\u00f3n del di\u00e1metro nominal<\/td>\n<\/tr>\n<tr>\n<td width=\"150\">Clamp Material<\/td>\n<td width=\"300\">El material est\u00e1ndar es el acero al carbono (Q235), aunque se puede personalizar con acero inoxidable (304, 316L).<\/td>\n<\/tr>\n<\/tbody>\n<\/table>\n<p>Product Advantages<\/p>\n<p>En comparaci\u00f3n con las uniones tradicionales con bridas, la uni\u00f3n de goma con abrazadera no requiere el rebordeado de los orificios de las tuber\u00edas, lo que simplifica el proceso de construcci\u00f3n; su eficiencia de instalaci\u00f3n es entre 6 y 8 veces superior a la de las uniones con bridas, y la carga de trabajo de mantenimiento se reduce en aproximadamente un 70 %. La propiedad amortiguadora del cuerpo de goma puede reducir eficazmente la vibraci\u00f3n del equipo y el ruido transmitido estructuralmente, protegiendo la tuber\u00eda y los equipos conectados. Puede compensar de forma flexible los desplazamientos axiales, laterales y angulares, evitando da\u00f1os en la tuber\u00eda causados por tensiones excesivas y adapt\u00e1ndose a diversos entornos de instalaci\u00f3n complejos.<\/p>","protected":false},"excerpt":{"rendered":"<p>La junta de goma con abrazadera es un accesorio de tuber\u00eda dise\u00f1ado para proporcionar una conexi\u00f3n flexible y compensar los impactos. Se utiliza para resolver los problemas derivados de la vibraci\u00f3n de las tuber\u00edas, la expansi\u00f3n y contracci\u00f3n t\u00e9rmicas, las desviaciones en la instalaci\u00f3n y el asentamiento de los cimientos, as\u00ed como para garantizar el transporte herm\u00e9tico de fluidos; se emplea ampliamente en los sectores municipal, de la construcci\u00f3n, el\u00e9ctrico, qu\u00edmico y otros, y es capaz de transportar diversos fluidos.<\/p>","protected":false},"featured_media":2948,"template":"","meta":[],"product_brand":[],"product_cat":[54],"product_tag":[],"class_list":{"0":"post-2947","1":"product","2":"type-product","3":"status-publish","4":"has-post-thumbnail","6":"product_cat-clamp-rubber-joint","8":"first","9":"instock","10":"shipping-taxable","11":"product-type-simple"},"_links":{"self":[{"href":"https:\/\/xinshuopipeline.com\/es\/wp-json\/wp\/v2\/product\/2947","targetHints":{"allow":["GET"]}}],"collection":[{"href":"https:\/\/xinshuopipeline.com\/es\/wp-json\/wp\/v2\/product"}],"about":[{"href":"https:\/\/xinshuopipeline.com\/es\/wp-json\/wp\/v2\/types\/product"}],"wp:featuredmedia":[{"embeddable":true,"href":"https:\/\/xinshuopipeline.com\/es\/wp-json\/wp\/v2\/media\/2948"}],"wp:attachment":[{"href":"https:\/\/xinshuopipeline.com\/es\/wp-json\/wp\/v2\/media?parent=2947"}],"wp:term":[{"taxonomy":"product_brand","embeddable":true,"href":"https:\/\/xinshuopipeline.com\/es\/wp-json\/wp\/v2\/product_brand?post=2947"},{"taxonomy":"product_cat","embeddable":true,"href":"https:\/\/xinshuopipeline.com\/es\/wp-json\/wp\/v2\/product_cat?post=2947"},{"taxonomy":"product_tag","embeddable":true,"href":"https:\/\/xinshuopipeline.com\/es\/wp-json\/wp\/v2\/product_tag?post=2947"}],"curies":[{"name":"wp","href":"https:\/\/api.w.org\/{rel}","templated":true}]}}