{"id":2955,"date":"2026-04-21T06:25:29","date_gmt":"2026-04-21T06:25:29","guid":{"rendered":"https:\/\/xinshuopipeline.com\/?post_type=product&#038;p=2955"},"modified":"2026-04-30T10:36:52","modified_gmt":"2026-04-30T10:36:52","slug":"9bellow-expansion-joint","status":"publish","type":"product","link":"https:\/\/xinshuopipeline.com\/es\/product\/9bellow-expansion-joint\/","title":{"rendered":"bellow expansion joint"},"content":{"rendered":"<p>The core corrugated pipe is made of high-quality stainless steel integrated molding, which has corrosion resistance, high temperature resistance, and deformation resistance. The flange connection adopts standardized design for easy docking. Guidance and limit devices ensure safe use, special seals ensure no leakage under high pressure, reasonable structure, and long service life.<\/p>\n<p>Core technical parameters<\/p>\n<table>\n<tbody>\n<tr>\n<td width=\"150\">parameter name<\/td>\n<td width=\"300\"><span dir=\"auto\" style=\"vertical-align: inherit;\">Specific specifications\/description<\/span><\/td>\n<\/tr>\n<tr>\n<td width=\"150\">Nominal diameter (DN)<\/td>\n<td width=\"300\">50 mm-1600 mm (tama\u00f1os habituales: DN100-DN500); se pueden personalizar especificaciones especiales<\/td>\n<\/tr>\n<tr>\n<td width=\"150\">Working pressure<\/td>\n<td width=\"300\">0.6MPa\u30011.0MPa\u30011.6MPa\u30012.5MPa\u30014.0MPa\uff1b Choose 1.6-2.5MPa under normal operating conditions.<\/td>\n<\/tr>\n<tr>\n<td width=\"150\">bellows material<\/td>\n<td width=\"300\">Conventional 304 stainless steel; 316L\u3001 321 stainless steel can be customized according to strong corrosion and high temperature working conditions.<\/td>\n<\/tr>\n<tr>\n<td width=\"150\">Especificaciones de la brida<\/td>\n<td width=\"300\">National standards (GB), American standards (ANSI), British standards (BS), German standards (DIN), and flange standards can be customized according to requirements.<\/td>\n<\/tr>\n<tr>\n<td width=\"150\">Material de la brida<\/td>\n<td width=\"300\">Conventional carbon steel (Q235); 304 and 316L stainless steel can be customized according to their corrosiveness and high-temperature working conditions.<\/td>\n<\/tr>\n<\/tbody>\n<\/table>\n<p><span dir=\"auto\" style=\"vertical-align: inherit;\">Product advantages<\/span><\/p>\n<ol>\n<li>Excellent compensation performance: absorbs pipeline displacement and angle deviation, alleviates thermal stress, and avoids pipeline damage;<\/li>\n<li>Reliable sealing performance: The combination of special sealing components and flange connections ensures no leakage under high pressure and high temperature;<\/li>\n<li>Excellent weather resistance: Stainless steel material is suitable for complex media and harsh working conditions, with a long service life.<\/li>\n<\/ol>","protected":false},"excerpt":{"rendered":"<p>El compensador de fuelle es un accesorio de compensaci\u00f3n flexible especial para sistemas de tuber\u00edas. Su funci\u00f3n consiste en absorber los desplazamientos axiales y laterales, as\u00ed como las desviaciones angulares provocadas por la expansi\u00f3n y contracci\u00f3n t\u00e9rmica de las tuber\u00edas, las vibraciones de los equipos, etc.; aliviar la tensi\u00f3n t\u00e9rmica de las tuber\u00edas; evitar da\u00f1os en las mismas; y garantizar un transporte herm\u00e9tico del fluido. Su estructura incluye fuelles de acero inoxidable, uniones con bridas, etc., lo que le confiere una compensaci\u00f3n flexible y una gran fiabilidad de estanqueidad. Se utiliza ampliamente en diversos sectores industriales y es adecuado para distintos fluidos y condiciones de trabajo complejas.<\/p>","protected":false},"featured_media":2956,"template":"","meta":[],"product_brand":[],"product_cat":[55],"product_tag":[],"class_list":{"0":"post-2955","1":"product","2":"type-product","3":"status-publish","4":"has-post-thumbnail","6":"product_cat-flange-bellow-epansion-joint","8":"first","9":"instock","10":"shipping-taxable","11":"product-type-simple"},"_links":{"self":[{"href":"https:\/\/xinshuopipeline.com\/es\/wp-json\/wp\/v2\/product\/2955","targetHints":{"allow":["GET"]}}],"collection":[{"href":"https:\/\/xinshuopipeline.com\/es\/wp-json\/wp\/v2\/product"}],"about":[{"href":"https:\/\/xinshuopipeline.com\/es\/wp-json\/wp\/v2\/types\/product"}],"wp:featuredmedia":[{"embeddable":true,"href":"https:\/\/xinshuopipeline.com\/es\/wp-json\/wp\/v2\/media\/2956"}],"wp:attachment":[{"href":"https:\/\/xinshuopipeline.com\/es\/wp-json\/wp\/v2\/media?parent=2955"}],"wp:term":[{"taxonomy":"product_brand","embeddable":true,"href":"https:\/\/xinshuopipeline.com\/es\/wp-json\/wp\/v2\/product_brand?post=2955"},{"taxonomy":"product_cat","embeddable":true,"href":"https:\/\/xinshuopipeline.com\/es\/wp-json\/wp\/v2\/product_cat?post=2955"},{"taxonomy":"product_tag","embeddable":true,"href":"https:\/\/xinshuopipeline.com\/es\/wp-json\/wp\/v2\/product_tag?post=2955"}],"curies":[{"name":"wp","href":"https:\/\/api.w.org\/{rel}","templated":true}]}}